{"id":1035,"date":"2026-03-20T21:05:26","date_gmt":"2026-03-20T21:05:26","guid":{"rendered":"https:\/\/catalogo.emde.ar\/?post_type=product&#038;p=1035"},"modified":"2026-04-01T15:03:53","modified_gmt":"2026-04-01T15:03:53","slug":"naruto-cod-143","status":"publish","type":"product","link":"https:\/\/catalogo.emde.ar\/?product=naruto-cod-143","title":{"rendered":"Naruto \u2014 Cod 143 \u2014"},"content":{"rendered":"<h3 data-start=\"216\" data-end=\"268\"><strong data-start=\"220\" data-end=\"266\">Tarjeta SUBE <\/strong><strong data-start=\"220\" data-end=\"266\">\u2014 Naruto <\/strong><strong data-start=\"220\" data-end=\"266\">\u2014 edici\u00f3n emde<\/strong><\/h3>\n<p data-start=\"201\" data-end=\"383\">Una tarjeta pensada para usar, regalar o coleccionar.<br data-start=\"254\" data-end=\"257\" \/>Combina dise\u00f1o y funcionalidad en una pieza resistente, hecha con materiales de calidad y un acabado que resalta cada detalle.<\/p>\n<p data-start=\"385\" data-end=\"600\">Ideal si te gusta llevar algo distinto en el d\u00eda a d\u00eda o quer\u00e9s sumar un toque de estilo a lo cotidiano.<br data-start=\"489\" data-end=\"492\" \/>Si ya ten\u00e9s una tarjeta de transporte, pod\u00e9s registrar esta y pasarle tu saldo y beneficios sin perder nada.<\/p>\n<p data-start=\"602\" data-end=\"673\">Una forma simple, accesible y original de llevar tu onda a todos lados.<\/p>\n<p data-start=\"602\" data-end=\"673\">\n","protected":false},"excerpt":{"rendered":"<p>Una SUBE lista para usar de buena calidad. Hecha para durar, para acompa\u00f1arte todos los d\u00edas y tambi\u00e9n para regalar algo distinto, accesible y con onda. Pod\u00e9s coleccionarlas, combinarlas o simplemente tener una que te identifique.<br \/>\nSi ya ten\u00e9s una SUBE, pod\u00e9s registrar esta y transferirle tu saldo y beneficios sin perder nada.<\/p>\n","protected":false},"featured_media":1595,"template":"","meta":[],"product_brand":[],"product_cat":[20,123],"product_tag":[43],"class_list":{"0":"post-1035","1":"product","2":"type-product","3":"status-publish","4":"has-post-thumbnail","6":"product_cat-anime","7":"product_cat-naruto","8":"product_tag-anime","10":"first","11":"instock","12":"shipping-taxable","13":"purchasable","14":"product-type-simple"},"_links":{"self":[{"href":"https:\/\/catalogo.emde.ar\/index.php?rest_route=\/wp\/v2\/product\/1035","targetHints":{"allow":["GET"]}}],"collection":[{"href":"https:\/\/catalogo.emde.ar\/index.php?rest_route=\/wp\/v2\/product"}],"about":[{"href":"https:\/\/catalogo.emde.ar\/index.php?rest_route=\/wp\/v2\/types\/product"}],"wp:featuredmedia":[{"embeddable":true,"href":"https:\/\/catalogo.emde.ar\/index.php?rest_route=\/wp\/v2\/media\/1595"}],"wp:attachment":[{"href":"https:\/\/catalogo.emde.ar\/index.php?rest_route=%2Fwp%2Fv2%2Fmedia&parent=1035"}],"wp:term":[{"taxonomy":"product_brand","embeddable":true,"href":"https:\/\/catalogo.emde.ar\/index.php?rest_route=%2Fwp%2Fv2%2Fproduct_brand&post=1035"},{"taxonomy":"product_cat","embeddable":true,"href":"https:\/\/catalogo.emde.ar\/index.php?rest_route=%2Fwp%2Fv2%2Fproduct_cat&post=1035"},{"taxonomy":"product_tag","embeddable":true,"href":"https:\/\/catalogo.emde.ar\/index.php?rest_route=%2Fwp%2Fv2%2Fproduct_tag&post=1035"}],"curies":[{"name":"wp","href":"https:\/\/api.w.org\/{rel}","templated":true}]}}