{"id":1246,"date":"2026-03-27T13:58:10","date_gmt":"2026-03-27T13:58:10","guid":{"rendered":"https:\/\/catalogo.emde.ar\/?post_type=product&#038;p=1246"},"modified":"2026-03-27T14:02:56","modified_gmt":"2026-03-27T14:02:56","slug":"studio-ghibli-el-viaje-de-chihiro-cod-286","status":"publish","type":"product","link":"https:\/\/catalogo.emde.ar\/?product=studio-ghibli-el-viaje-de-chihiro-cod-286","title":{"rendered":"Studio Ghibli &#8211; El viaje de Chihiro \u2014 Cod 286 \u2014"},"content":{"rendered":"<h3 data-start=\"216\" data-end=\"268\"><strong data-start=\"220\" data-end=\"266\">Tarjeta SUBE <\/strong><strong data-start=\"220\" data-end=\"266\">\u2014 <\/strong>Studio Ghibli &#8211; <em class=\"eujQNb\" data-sfc-root=\"c\" data-sfc-cb=\"\" data-processed=\"true\">El viaje de Chihiro<\/em> <strong data-start=\"220\" data-end=\"266\">\u2014 <\/strong><strong data-start=\"220\" data-end=\"266\">edici\u00f3n emde<\/strong><\/h3>\n<p data-start=\"201\" data-end=\"383\">Una tarjeta pensada para usar, regalar o coleccionar.<br data-start=\"254\" data-end=\"257\" \/>Combina dise\u00f1o y funcionalidad en una pieza resistente, hecha con materiales de calidad y un acabado que resalta cada detalle.<\/p>\n<p data-start=\"385\" data-end=\"600\">Ideal si te gusta llevar algo distinto en el d\u00eda a d\u00eda o quer\u00e9s sumar un toque de estilo a lo cotidiano.<br data-start=\"489\" data-end=\"492\" \/>Si ya ten\u00e9s una tarjeta de transporte, pod\u00e9s registrar esta y pasarle tu saldo y beneficios sin perder nada.<\/p>\n<p data-start=\"602\" data-end=\"673\">Una forma simple, accesible y original de llevar tu onda a todos lados.<\/p>\n<p data-start=\"602\" data-end=\"673\">\n","protected":false},"excerpt":{"rendered":"<p>Una SUBE lista para usar de buena calidad. Hecha para durar, para acompa\u00f1arte todos los d\u00edas y tambi\u00e9n para regalar algo distinto, accesible y con onda. Pod\u00e9s coleccionarlas, combinarlas o simplemente tener una que te identifique.<br \/>\nSi ya ten\u00e9s una SUBE, pod\u00e9s registrar esta y transferirle tu saldo y beneficios sin perder nada.<\/p>\n","protected":false},"featured_media":1247,"template":"","meta":[],"product_brand":[],"product_cat":[20,150,138,137],"product_tag":[43,151],"class_list":{"0":"post-1246","1":"product","2":"type-product","3":"status-publish","4":"has-post-thumbnail","6":"product_cat-anime","7":"product_cat-el-viaje-de-chihiro","8":"product_cat-mononoke","9":"product_cat-studio-ghibli","10":"product_tag-anime","11":"product_tag-el-viaje-de-chihiro","13":"first","14":"instock","15":"shipping-taxable","16":"purchasable","17":"product-type-simple"},"_links":{"self":[{"href":"https:\/\/catalogo.emde.ar\/index.php?rest_route=\/wp\/v2\/product\/1246","targetHints":{"allow":["GET"]}}],"collection":[{"href":"https:\/\/catalogo.emde.ar\/index.php?rest_route=\/wp\/v2\/product"}],"about":[{"href":"https:\/\/catalogo.emde.ar\/index.php?rest_route=\/wp\/v2\/types\/product"}],"wp:featuredmedia":[{"embeddable":true,"href":"https:\/\/catalogo.emde.ar\/index.php?rest_route=\/wp\/v2\/media\/1247"}],"wp:attachment":[{"href":"https:\/\/catalogo.emde.ar\/index.php?rest_route=%2Fwp%2Fv2%2Fmedia&parent=1246"}],"wp:term":[{"taxonomy":"product_brand","embeddable":true,"href":"https:\/\/catalogo.emde.ar\/index.php?rest_route=%2Fwp%2Fv2%2Fproduct_brand&post=1246"},{"taxonomy":"product_cat","embeddable":true,"href":"https:\/\/catalogo.emde.ar\/index.php?rest_route=%2Fwp%2Fv2%2Fproduct_cat&post=1246"},{"taxonomy":"product_tag","embeddable":true,"href":"https:\/\/catalogo.emde.ar\/index.php?rest_route=%2Fwp%2Fv2%2Fproduct_tag&post=1246"}],"curies":[{"name":"wp","href":"https:\/\/api.w.org\/{rel}","templated":true}]}}