{"id":1329,"date":"2026-03-29T18:35:40","date_gmt":"2026-03-29T18:35:40","guid":{"rendered":"https:\/\/catalogo.emde.ar\/?post_type=product&#038;p=1329"},"modified":"2026-03-29T18:39:37","modified_gmt":"2026-03-29T18:39:37","slug":"the-beatles-cod-ms-beat26","status":"publish","type":"product","link":"https:\/\/catalogo.emde.ar\/?product=the-beatles-cod-ms-beat26","title":{"rendered":"The Beatles \u2014 Cod MS-Beat26 \u2014"},"content":{"rendered":"<h3 data-start=\"216\" data-end=\"268\"><strong data-start=\"220\" data-end=\"266\">Tarjeta SUBE <\/strong><strong data-start=\"220\" data-end=\"266\">\u2014 The Beatles <\/strong><strong data-start=\"220\" data-end=\"266\">\u2014 edici\u00f3n emde<\/strong><\/h3>\n<p data-start=\"201\" data-end=\"383\">Una tarjeta pensada para usar, regalar o coleccionar.<br data-start=\"254\" data-end=\"257\" \/>Combina dise\u00f1o y funcionalidad en una pieza resistente, hecha con materiales de calidad y un acabado que resalta cada detalle.<\/p>\n<p data-start=\"385\" data-end=\"600\">Ideal si te gusta llevar algo distinto en el d\u00eda a d\u00eda o quer\u00e9s sumar un toque de estilo a lo cotidiano.<br data-start=\"489\" data-end=\"492\" \/>Si ya ten\u00e9s una tarjeta de transporte, pod\u00e9s registrar esta y pasarle tu saldo y beneficios sin perder nada.<\/p>\n<p data-start=\"602\" data-end=\"673\">Una forma simple, accesible y original de llevar tu onda a todos lados.<\/p>\n<p data-start=\"602\" data-end=\"673\">\n","protected":false},"excerpt":{"rendered":"<p>Una SUBE lista para usar de buena calidad. Hecha para durar, para acompa\u00f1arte todos los d\u00edas y tambi\u00e9n para regalar algo distinto, accesible y con onda. Pod\u00e9s coleccionarlas, combinarlas o simplemente tener una que te identifique.<br \/>\nSi ya ten\u00e9s una SUBE, pod\u00e9s registrar esta y transferirle tu saldo y beneficios sin perder nada.<\/p>\n","protected":false},"featured_media":1330,"template":"","meta":[],"product_brand":[],"product_cat":[26],"product_tag":[156,169],"class_list":{"0":"post-1329","1":"product","2":"type-product","3":"status-publish","4":"has-post-thumbnail","6":"product_cat-musica","7":"product_tag-series","8":"product_tag-the-beatles","10":"first","11":"instock","12":"shipping-taxable","13":"purchasable","14":"product-type-simple"},"_links":{"self":[{"href":"https:\/\/catalogo.emde.ar\/index.php?rest_route=\/wp\/v2\/product\/1329","targetHints":{"allow":["GET"]}}],"collection":[{"href":"https:\/\/catalogo.emde.ar\/index.php?rest_route=\/wp\/v2\/product"}],"about":[{"href":"https:\/\/catalogo.emde.ar\/index.php?rest_route=\/wp\/v2\/types\/product"}],"wp:featuredmedia":[{"embeddable":true,"href":"https:\/\/catalogo.emde.ar\/index.php?rest_route=\/wp\/v2\/media\/1330"}],"wp:attachment":[{"href":"https:\/\/catalogo.emde.ar\/index.php?rest_route=%2Fwp%2Fv2%2Fmedia&parent=1329"}],"wp:term":[{"taxonomy":"product_brand","embeddable":true,"href":"https:\/\/catalogo.emde.ar\/index.php?rest_route=%2Fwp%2Fv2%2Fproduct_brand&post=1329"},{"taxonomy":"product_cat","embeddable":true,"href":"https:\/\/catalogo.emde.ar\/index.php?rest_route=%2Fwp%2Fv2%2Fproduct_cat&post=1329"},{"taxonomy":"product_tag","embeddable":true,"href":"https:\/\/catalogo.emde.ar\/index.php?rest_route=%2Fwp%2Fv2%2Fproduct_tag&post=1329"}],"curies":[{"name":"wp","href":"https:\/\/api.w.org\/{rel}","templated":true}]}}