{"id":1480,"date":"2026-03-31T16:04:42","date_gmt":"2026-03-31T16:04:42","guid":{"rendered":"https:\/\/catalogo.emde.ar\/?post_type=product&#038;p=1480"},"modified":"2026-03-31T16:10:42","modified_gmt":"2026-03-31T16:10:42","slug":"hunter-x-hunter-cod-146-nombre-personalizado","status":"publish","type":"product","link":"https:\/\/catalogo.emde.ar\/?product=hunter-x-hunter-cod-146-nombre-personalizado","title":{"rendered":"Hunter x Hunter \u2014 Cod 146 \u2014 Nombre personalizado"},"content":{"rendered":"<h3 data-start=\"216\" data-end=\"268\"><strong data-start=\"220\" data-end=\"266\">Tarjeta SUBE <\/strong><strong data-start=\"220\" data-end=\"266\">\u2014 Hunter x Hunter<\/strong><strong data-start=\"220\" data-end=\"266\">\u00a0\u2014 <\/strong><strong data-start=\"220\" data-end=\"266\">edici\u00f3n emde<\/strong><\/h3>\n<p data-start=\"201\" data-end=\"383\">Una tarjeta pensada para usar, regalar o coleccionar.<br data-start=\"254\" data-end=\"257\" \/>Combina dise\u00f1o y funcionalidad en una pieza resistente, hecha con materiales de calidad y un acabado que resalta cada detalle.<\/p>\n<p data-start=\"385\" data-end=\"600\">Ideal si te gusta llevar algo distinto en el d\u00eda a d\u00eda o quer\u00e9s sumar un toque de estilo a lo cotidiano.<br data-start=\"489\" data-end=\"492\" \/>Si ya ten\u00e9s una tarjeta de transporte, pod\u00e9s registrar esta y pasarle tu saldo y beneficios sin perder nada.<\/p>\n<p data-start=\"602\" data-end=\"673\">Una forma simple, accesible y original de llevar tu onda a todos lados.<\/p>\n<p data-start=\"602\" data-end=\"673\">\n","protected":false},"excerpt":{"rendered":"<p data-start=\"113\" data-end=\"170\"><strong data-start=\"113\" data-end=\"170\">\u00bfC\u00f3mo funciona la compra de tu tarjeta personalizada?<\/strong><\/p>\n<ol data-start=\"172\" data-end=\"491\">\n<li data-section-id=\"ywms74\" data-start=\"172\" data-end=\"214\">Realiz\u00e1s la compra desde esta p\u00e1gina.<\/li>\n<li data-section-id=\"1oa85u7\" data-start=\"215\" data-end=\"334\">Una vez confirmada, te contactamos por WhatsApp \ud83d\udcf2 para pedirte las im\u00e1genes y datos para personalizar tu tarjeta.<\/li>\n<li data-section-id=\"vr8yey\" data-start=\"335\" data-end=\"416\">Con esa informaci\u00f3n, armamos un dise\u00f1o y te lo enviamos para que lo revises.<\/li>\n<li data-section-id=\"1fjrqxi\" data-start=\"417\" data-end=\"491\">Si te gusta y nos das el OK, avanzamos con la producci\u00f3n de la tarjeta.<\/li>\n<\/ol>\n<p data-start=\"493\" data-end=\"538\">\u23f1\ufe0f <strong data-start=\"496\" data-end=\"522\">Tiempo total estimado:<\/strong> 5 d\u00edas h\u00e1biles.<\/p>\n","protected":false},"featured_media":1481,"template":"","meta":[],"product_brand":[],"product_cat":[20,119],"product_tag":[43,207,208],"class_list":{"0":"post-1480","1":"product","2":"type-product","3":"status-publish","4":"has-post-thumbnail","6":"product_cat-anime","7":"product_cat-hunter-x-hunter","8":"product_tag-anime","9":"product_tag-hunter-x-hunter","10":"product_tag-licencia","12":"first","13":"instock","14":"shipping-taxable","15":"purchasable","16":"product-type-simple"},"_links":{"self":[{"href":"https:\/\/catalogo.emde.ar\/index.php?rest_route=\/wp\/v2\/product\/1480","targetHints":{"allow":["GET"]}}],"collection":[{"href":"https:\/\/catalogo.emde.ar\/index.php?rest_route=\/wp\/v2\/product"}],"about":[{"href":"https:\/\/catalogo.emde.ar\/index.php?rest_route=\/wp\/v2\/types\/product"}],"wp:featuredmedia":[{"embeddable":true,"href":"https:\/\/catalogo.emde.ar\/index.php?rest_route=\/wp\/v2\/media\/1481"}],"wp:attachment":[{"href":"https:\/\/catalogo.emde.ar\/index.php?rest_route=%2Fwp%2Fv2%2Fmedia&parent=1480"}],"wp:term":[{"taxonomy":"product_brand","embeddable":true,"href":"https:\/\/catalogo.emde.ar\/index.php?rest_route=%2Fwp%2Fv2%2Fproduct_brand&post=1480"},{"taxonomy":"product_cat","embeddable":true,"href":"https:\/\/catalogo.emde.ar\/index.php?rest_route=%2Fwp%2Fv2%2Fproduct_cat&post=1480"},{"taxonomy":"product_tag","embeddable":true,"href":"https:\/\/catalogo.emde.ar\/index.php?rest_route=%2Fwp%2Fv2%2Fproduct_tag&post=1480"}],"curies":[{"name":"wp","href":"https:\/\/api.w.org\/{rel}","templated":true}]}}