{"id":1648,"date":"2026-04-01T18:51:19","date_gmt":"2026-04-01T18:51:19","guid":{"rendered":"https:\/\/catalogo.emde.ar\/?post_type=product&#038;p=1648"},"modified":"2026-04-01T18:52:45","modified_gmt":"2026-04-01T18:52:45","slug":"seleccion-argentina-maradona-cod-maradona","status":"publish","type":"product","link":"https:\/\/catalogo.emde.ar\/?product=seleccion-argentina-maradona-cod-maradona","title":{"rendered":"Selecci\u00f3n Argentina \u2014  Maradona &#8211; Cod maradona \u2014"},"content":{"rendered":"<h3 data-start=\"216\" data-end=\"268\"><strong data-start=\"220\" data-end=\"266\">Tarjeta SUBE <\/strong><strong data-start=\"220\" data-end=\"266\">\u2014 <\/strong><strong data-start=\"220\" data-end=\"266\"> Selecci\u00f3n Argentina &#8211; Maradona\u2014 edici\u00f3n emde<\/strong><\/h3>\n<p data-start=\"201\" data-end=\"383\">Una tarjeta pensada para usar, regalar o coleccionar.<br data-start=\"254\" data-end=\"257\" \/>Combina dise\u00f1o y funcionalidad en una pieza resistente, hecha con materiales de calidad y un acabado que resalta cada detalle.<\/p>\n<p data-start=\"385\" data-end=\"600\">Ideal si te gusta llevar algo distinto en el d\u00eda a d\u00eda o quer\u00e9s sumar un toque de estilo a lo cotidiano.<br data-start=\"489\" data-end=\"492\" \/>Si ya ten\u00e9s una tarjeta de transporte, pod\u00e9s registrar esta y pasarle tu saldo y beneficios sin perder nada.<\/p>\n<p data-start=\"602\" data-end=\"673\">Una forma simple, accesible y original de llevar tu onda a todos lados.<\/p>\n<p data-start=\"602\" data-end=\"673\">\n","protected":false},"excerpt":{"rendered":"<p>Una SUBE lista para usar de buena calidad. Hecha para durar, para acompa\u00f1arte todos los d\u00edas y tambi\u00e9n para regalar algo distinto, accesible y con onda. Pod\u00e9s coleccionarlas, combinarlas o simplemente tener una que te identifique.<br \/>\nSi ya ten\u00e9s una SUBE, pod\u00e9s registrar esta y transferirle tu saldo y beneficios sin perder nada.<\/p>\n","protected":false},"featured_media":1650,"template":"","meta":[],"product_brand":[],"product_cat":[27,28,252,220],"product_tag":[159,160,170],"class_list":{"0":"post-1648","1":"product","2":"type-product","3":"status-publish","4":"has-post-thumbnail","6":"product_cat-deportes","7":"product_cat-futbol","8":"product_cat-maradona","9":"product_cat-seleccion-argentina","10":"product_tag-deportes","11":"product_tag-futbol","12":"product_tag-maradona","14":"first","15":"instock","16":"shipping-taxable","17":"purchasable","18":"product-type-simple"},"_links":{"self":[{"href":"https:\/\/catalogo.emde.ar\/index.php?rest_route=\/wp\/v2\/product\/1648","targetHints":{"allow":["GET"]}}],"collection":[{"href":"https:\/\/catalogo.emde.ar\/index.php?rest_route=\/wp\/v2\/product"}],"about":[{"href":"https:\/\/catalogo.emde.ar\/index.php?rest_route=\/wp\/v2\/types\/product"}],"wp:featuredmedia":[{"embeddable":true,"href":"https:\/\/catalogo.emde.ar\/index.php?rest_route=\/wp\/v2\/media\/1650"}],"wp:attachment":[{"href":"https:\/\/catalogo.emde.ar\/index.php?rest_route=%2Fwp%2Fv2%2Fmedia&parent=1648"}],"wp:term":[{"taxonomy":"product_brand","embeddable":true,"href":"https:\/\/catalogo.emde.ar\/index.php?rest_route=%2Fwp%2Fv2%2Fproduct_brand&post=1648"},{"taxonomy":"product_cat","embeddable":true,"href":"https:\/\/catalogo.emde.ar\/index.php?rest_route=%2Fwp%2Fv2%2Fproduct_cat&post=1648"},{"taxonomy":"product_tag","embeddable":true,"href":"https:\/\/catalogo.emde.ar\/index.php?rest_route=%2Fwp%2Fv2%2Fproduct_tag&post=1648"}],"curies":[{"name":"wp","href":"https:\/\/api.w.org\/{rel}","templated":true}]}}